{"id":214,"date":"2021-05-29T05:58:40","date_gmt":"2021-05-29T05:58:40","guid":{"rendered":"https:\/\/wp.kodesolution.live\/2021\/health\/senion\/?page_id=214"},"modified":"2023-05-05T15:16:46","modified_gmt":"2023-05-05T15:16:46","slug":"faqs","status":"publish","type":"page","link":"https:\/\/seniorcareservicesmiami.com\/es\/faqs\/","title":{"rendered":"Preguntas frecuentes"},"content":{"rendered":"<div data-elementor-type=\"wp-page\" data-elementor-id=\"214\" class=\"elementor elementor-214\" data-elementor-post-type=\"page\">\n\t\t\t\t\t\t<section class=\"elementor-section elementor-top-section elementor-element elementor-element-dfdecb2 elementor-section-stretched elementor-section-boxed elementor-section-height-default elementor-section-height-default tm-col-stretched-none tm-bg-color-over-image\" data-id=\"dfdecb2\" data-element_type=\"section\" data-e-type=\"section\" data-settings=\"{&quot;stretch_section&quot;:&quot;section-stretched&quot;}\">\n\t\t\t\t\t\t<div class=\"elementor-container elementor-column-gap-extended\">\n\t\t\t\t\t<div class=\"elementor-column elementor-col-100 elementor-top-column elementor-element elementor-element-1d8aa72 tm-bg-color-over-image\" data-id=\"1d8aa72\" data-element_type=\"column\" data-e-type=\"column\">\n\t\t\t<div class=\"elementor-widget-wrap elementor-element-populated\">\n\t\t\t\t\t\t<section class=\"elementor-section elementor-inner-section elementor-element elementor-element-7e261b7 elementor-section-boxed elementor-section-height-default elementor-section-height-default tm-col-stretched-none tm-bg-color-over-image\" data-id=\"7e261b7\" data-element_type=\"section\" data-e-type=\"section\">\n\t\t\t\t\t\t<div class=\"elementor-container elementor-column-gap-extended\">\n\t\t\t\t\t<div class=\"elementor-column elementor-col-50 elementor-inner-column elementor-element elementor-element-a405af8 tm-bg-color-over-image\" data-id=\"a405af8\" data-element_type=\"column\" data-e-type=\"column\">\n\t\t\t<div class=\"elementor-widget-wrap elementor-element-populated\">\n\t\t\t\t\t\t<div class=\"elementor-element elementor-element-0d89aba elementor-widget elementor-widget-tm-ele-accordion\" data-id=\"0d89aba\" data-element_type=\"widget\" data-e-type=\"widget\" data-widget_type=\"tm-ele-accordion.default\">\n\t\t\t\t<div class=\"elementor-widget-container\">\n\t\t\t\t\t\t\t<div id=\"accordion-holder-935383\" class=\"tm-accordion accordion\">\r\n\t\r\n  <div class=\"card active\">\r\n    <div class=\"card-header p-0\" id=\"heading821\">\r\n      <h5 class=\"title\" data-bs-toggle=\"collapse\" data-bs-target=\"#collapse821\" aria-expanded=\"true\" aria-controls=\"collapse821\">\r\n        <span class=\"text\">\u00bfCu\u00e1les son sus horas m\u00ednimas de atenci\u00f3n que puedo programar durante la semana?<\/span>\r\n        <span class=\"accordion-controls-icon\"><svg class=\"e-font-icon-svg e-fas-chevron-down\" viewbox=\"0 0 448 512\" xmlns=\"http:\/\/www.w3.org\/2000\/svg\"><path d=\"M207.029 381.476L12.686 187.132c-9.373-9.373-9.373-24.569 0-33.941l22.667-22.667c9.357-9.357 24.522-9.375 33.901-.04L224 284.505l154.745-154.021c9.379-9.335 24.544-9.317 33.901.04l22.667 22.667c9.373 9.373 9.373 24.569 0 33.941L240.971 381.476c-9.373 9.372-24.569 9.372-33.942 0z\"><\/path><\/svg><\/span>\r\n      <\/h5>\r\n    <\/div>\r\n    <div id=\"collapse821\" class=\"collapse show\" aria-labelledby=\"heading821\" data-bs-parent=\"#accordion-holder-935383\">\r\n      <div class=\"card-body\">\r\n        <p><span style=\"font-weight: 400;\">Comenzamos con 4 horas al d\u00eda 5 d\u00edas a la semana como un horario m\u00ednimo de atenci\u00f3n.<\/span><\/p>      <\/div>\r\n    <\/div>\r\n  <\/div>\r\n\r\n  <div class=\"card\">\r\n    <div class=\"card-header p-0\" id=\"heading822\">\r\n      <h5 class=\"title collapsed\" data-bs-toggle=\"collapse\" data-bs-target=\"#collapse822\" aria-expanded=\"false\" aria-controls=\"collapse822\">\r\n        <span class=\"text\"> \u00bfCu\u00e1les son mis opciones financieras para pagar la atenci\u00f3n?<\/span>\r\n        <span class=\"accordion-controls-icon\"><svg class=\"e-font-icon-svg e-fas-chevron-down\" viewbox=\"0 0 448 512\" xmlns=\"http:\/\/www.w3.org\/2000\/svg\"><path d=\"M207.029 381.476L12.686 187.132c-9.373-9.373-9.373-24.569 0-33.941l22.667-22.667c9.357-9.357 24.522-9.375 33.901-.04L224 284.505l154.745-154.021c9.379-9.335 24.544-9.317 33.901.04l22.667 22.667c9.373 9.373 9.373 24.569 0 33.941L240.971 381.476c-9.373 9.372-24.569 9.372-33.942 0z\"><\/path><\/svg><\/span>\r\n      <\/h5>\r\n    <\/div>\r\n    <div id=\"collapse822\" class=\"collapse\" aria-labelledby=\"heading822\" data-bs-parent=\"#accordion-holder-935383\">\r\n      <div class=\"card-body\">\r\n        <p><span style=\"font-weight: 400;\">\u00a0B\u00e1sicamente, hay tres formas de pagar por la atenci\u00f3n.<\/span><\/p><ol><li><span style=\"font-weight: 400;\">Pago por cuenta propia<\/span><span style=\"font-weight: 400;\"> - Fondos de bolsillo (ingresos, ahorros, activos, etc.)<\/span><\/li><li><span style=\"font-weight: 400;\">Seguro de cuidado a largo plazo<\/span><span style=\"font-weight: 400;\"> - Una p\u00f3liza para cubrir ciertas o todas las horas de atenci\u00f3n.<\/span><\/li><li dir=\"auto\">Programas gubernamentales - Hay varios programas gubernamentales como el Programa de Exenci\u00f3n de Medicaid y VA que pagan en el cuidado en el hogar. Cont\u00e1ctenos para ver si califica\u00a0<\/li><\/ol><p><\/p>      <\/div>\r\n    <\/div>\r\n  <\/div>\r\n\r\n  <div class=\"card\">\r\n    <div class=\"card-header p-0\" id=\"heading823\">\r\n      <h5 class=\"title collapsed\" data-bs-toggle=\"collapse\" data-bs-target=\"#collapse823\" aria-expanded=\"false\" aria-controls=\"collapse823\">\r\n        <span class=\"text\">\u00bfCu\u00e1l es su tasa de pago?<\/span>\r\n        <span class=\"accordion-controls-icon\"><svg class=\"e-font-icon-svg e-fas-chevron-down\" viewbox=\"0 0 448 512\" xmlns=\"http:\/\/www.w3.org\/2000\/svg\"><path d=\"M207.029 381.476L12.686 187.132c-9.373-9.373-9.373-24.569 0-33.941l22.667-22.667c9.357-9.357 24.522-9.375 33.901-.04L224 284.505l154.745-154.021c9.379-9.335 24.544-9.317 33.901.04l22.667 22.667c9.373 9.373 9.373 24.569 0 33.941L240.971 381.476c-9.373 9.372-24.569 9.372-33.942 0z\"><\/path><\/svg><\/span>\r\n      <\/h5>\r\n    <\/div>\r\n    <div id=\"collapse823\" class=\"collapse\" aria-labelledby=\"heading823\" data-bs-parent=\"#accordion-holder-935383\">\r\n      <div class=\"card-body\">\r\n        <p><span style=\"font-weight: 400;\">La tarifa depende del nivel de atenci\u00f3n, pero comienza en $ 22 por hora<\/span><\/p>      <\/div>\r\n    <\/div>\r\n  <\/div>\r\n\r\n  <div class=\"card\">\r\n    <div class=\"card-header p-0\" id=\"heading824\">\r\n      <h5 class=\"title collapsed\" data-bs-toggle=\"collapse\" data-bs-target=\"#collapse824\" aria-expanded=\"false\" aria-controls=\"collapse824\">\r\n        <span class=\"text\">\u00bfSus cuidadores tienen licencia?<\/span>\r\n        <span class=\"accordion-controls-icon\"><svg class=\"e-font-icon-svg e-fas-chevron-down\" viewbox=\"0 0 448 512\" xmlns=\"http:\/\/www.w3.org\/2000\/svg\"><path d=\"M207.029 381.476L12.686 187.132c-9.373-9.373-9.373-24.569 0-33.941l22.667-22.667c9.357-9.357 24.522-9.375 33.901-.04L224 284.505l154.745-154.021c9.379-9.335 24.544-9.317 33.901.04l22.667 22.667c9.373 9.373 9.373 24.569 0 33.941L240.971 381.476c-9.373 9.372-24.569 9.372-33.942 0z\"><\/path><\/svg><\/span>\r\n      <\/h5>\r\n    <\/div>\r\n    <div id=\"collapse824\" class=\"collapse\" aria-labelledby=\"heading824\" data-bs-parent=\"#accordion-holder-935383\">\r\n      <div class=\"card-body\">\r\n        <p><span style=\"font-weight: 400;\">\u00a0S\u00ed, todos nuestros cuidadores son asistentes de salud en el hogar certificados por Florida (HHA) o asistentes de enfermer\u00eda certificados (CNA).<\/span><\/p>      <\/div>\r\n    <\/div>\r\n  <\/div>\r\n\t\t<\/div>\r\n\t\t\t\t\t<\/div>\n\t\t\t\t<\/div>\n\t\t\t\t\t<\/div>\n\t\t<\/div>\n\t\t\t\t<div class=\"elementor-column elementor-col-50 elementor-inner-column elementor-element elementor-element-f2824cb tm-bg-color-over-image\" data-id=\"f2824cb\" data-element_type=\"column\" data-e-type=\"column\">\n\t\t\t<div class=\"elementor-widget-wrap elementor-element-populated\">\n\t\t\t\t\t\t<div class=\"elementor-element elementor-element-7954570 elementor-widget elementor-widget-tm-ele-accordion\" data-id=\"7954570\" data-element_type=\"widget\" data-e-type=\"widget\" data-widget_type=\"tm-ele-accordion.skin-classic\">\n\t\t\t\t<div class=\"elementor-widget-container\">\n\t\t\t\t\t\t\t<div id=\"accordion-holder-427522\" class=\"tm-accordion skin-classic\">\r\n\t\r\n  <div class=\"card active\">\r\n    <div class=\"card-header p-0\" id=\"heading521\">\r\n      <h5 class=\"title\" data-bs-toggle=\"collapse\" data-bs-target=\"#collapse521\" aria-expanded=\"true\" aria-controls=\"collapse521\">\r\n        <span class=\"text\">\u00bfLos cuidadores tienen experiencia?<\/span>\r\n        <span class=\"accordion-controls-icon\"><svg class=\"e-font-icon-svg e-fas-chevron-down\" viewbox=\"0 0 448 512\" xmlns=\"http:\/\/www.w3.org\/2000\/svg\"><path d=\"M207.029 381.476L12.686 187.132c-9.373-9.373-9.373-24.569 0-33.941l22.667-22.667c9.357-9.357 24.522-9.375 33.901-.04L224 284.505l154.745-154.021c9.379-9.335 24.544-9.317 33.901.04l22.667 22.667c9.373 9.373 9.373 24.569 0 33.941L240.971 381.476c-9.373 9.372-24.569 9.372-33.942 0z\"><\/path><\/svg><\/span>\r\n      <\/h5>\r\n    <\/div>\r\n    <div id=\"collapse521\" class=\"collapse show\" aria-labelledby=\"heading521\" data-bs-parent=\"#accordion-holder-427522\">\r\n      <div class=\"card-body\">\r\n        <p><span style=\"font-weight: 400;\">\u00a0S\u00ed, requerimos un m\u00ednimo de 2 a\u00f1os de experiencia de todos nuestros cuidadores.<\/span><\/p>      <\/div>\r\n    <\/div>\r\n  <\/div>\r\n\r\n  <div class=\"card\">\r\n    <div class=\"card-header p-0\" id=\"heading522\">\r\n      <h5 class=\"title collapsed\" data-bs-toggle=\"collapse\" data-bs-target=\"#collapse522\" aria-expanded=\"false\" aria-controls=\"collapse522\">\r\n        <span class=\"text\">\u00bfSe verifican los antecedentes de los cuidadores?<\/span>\r\n        <span class=\"accordion-controls-icon\"><svg class=\"e-font-icon-svg e-fas-chevron-down\" viewbox=\"0 0 448 512\" xmlns=\"http:\/\/www.w3.org\/2000\/svg\"><path d=\"M207.029 381.476L12.686 187.132c-9.373-9.373-9.373-24.569 0-33.941l22.667-22.667c9.357-9.357 24.522-9.375 33.901-.04L224 284.505l154.745-154.021c9.379-9.335 24.544-9.317 33.901.04l22.667 22.667c9.373 9.373 9.373 24.569 0 33.941L240.971 381.476c-9.373 9.372-24.569 9.372-33.942 0z\"><\/path><\/svg><\/span>\r\n      <\/h5>\r\n    <\/div>\r\n    <div id=\"collapse522\" class=\"collapse\" aria-labelledby=\"heading522\" data-bs-parent=\"#accordion-holder-427522\">\r\n      <div class=\"card-body\">\r\n        <p><span style=\"font-weight: 400;\">S\u00ed, para la certificaci\u00f3n, deben proporcionar una verificaci\u00f3n de antecedentes de nivel 2 de FDLE que debe renovarse cada 5 a\u00f1os.<\/span><\/p>      <\/div>\r\n    <\/div>\r\n  <\/div>\r\n\r\n  <div class=\"card\">\r\n    <div class=\"card-header p-0\" id=\"heading523\">\r\n      <h5 class=\"title collapsed\" data-bs-toggle=\"collapse\" data-bs-target=\"#collapse523\" aria-expanded=\"false\" aria-controls=\"collapse523\">\r\n        <span class=\"text\">\u00bfQu\u00e9 pasa si no estoy satisfecho con mi cuidador?<\/span>\r\n        <span class=\"accordion-controls-icon\"><svg class=\"e-font-icon-svg e-fas-chevron-down\" viewbox=\"0 0 448 512\" xmlns=\"http:\/\/www.w3.org\/2000\/svg\"><path d=\"M207.029 381.476L12.686 187.132c-9.373-9.373-9.373-24.569 0-33.941l22.667-22.667c9.357-9.357 24.522-9.375 33.901-.04L224 284.505l154.745-154.021c9.379-9.335 24.544-9.317 33.901.04l22.667 22.667c9.373 9.373 9.373 24.569 0 33.941L240.971 381.476c-9.373 9.372-24.569 9.372-33.942 0z\"><\/path><\/svg><\/span>\r\n      <\/h5>\r\n    <\/div>\r\n    <div id=\"collapse523\" class=\"collapse\" aria-labelledby=\"heading523\" data-bs-parent=\"#accordion-holder-427522\">\r\n      <div class=\"card-body\">\r\n        <p>\u00a0Elegimos un asistente apropiado y supervisamos su atenci\u00f3n, sin embargo, si desea elegir otro asistente, enviaremos r\u00e1pidamente un reemplazo.<\/p>      <\/div>\r\n    <\/div>\r\n  <\/div>\r\n\r\n  <div class=\"card\">\r\n    <div class=\"card-header p-0\" id=\"heading524\">\r\n      <h5 class=\"title collapsed\" data-bs-toggle=\"collapse\" data-bs-target=\"#collapse524\" aria-expanded=\"false\" aria-controls=\"collapse524\">\r\n        <span class=\"text\">\u00bfProporcionan cobertura de respaldo si mi cuidador no puede trabajar ese d\u00eda?<\/span>\r\n        <span class=\"accordion-controls-icon\"><svg class=\"e-font-icon-svg e-fas-chevron-down\" viewbox=\"0 0 448 512\" xmlns=\"http:\/\/www.w3.org\/2000\/svg\"><path d=\"M207.029 381.476L12.686 187.132c-9.373-9.373-9.373-24.569 0-33.941l22.667-22.667c9.357-9.357 24.522-9.375 33.901-.04L224 284.505l154.745-154.021c9.379-9.335 24.544-9.317 33.901.04l22.667 22.667c9.373 9.373 9.373 24.569 0 33.941L240.971 381.476c-9.373 9.372-24.569 9.372-33.942 0z\"><\/path><\/svg><\/span>\r\n      <\/h5>\r\n    <\/div>\r\n    <div id=\"collapse524\" class=\"collapse\" aria-labelledby=\"heading524\" data-bs-parent=\"#accordion-holder-427522\">\r\n      <div class=\"card-body\">\r\n        <p><span style=\"font-weight: 400;\">\u00a0S\u00ed, estamos de guardia 24\/7 todos los d\u00edas del a\u00f1o <span>e inmediatamente programaremos otro cuidador para su hogar\u00a0<\/span><\/span><\/p>      <\/div>\r\n    <\/div>\r\n  <\/div>\r\n\t\t<\/div>\r\n\t\t\t\t\t<\/div>\n\t\t\t\t<\/div>\n\t\t\t\t\t<\/div>\n\t\t<\/div>\n\t\t\t\t\t<\/div>\n\t\t<\/section>\n\t\t\t\t\t<\/div>\n\t\t<\/div>\n\t\t\t\t\t<\/div>\n\t\t<\/section>\n\t\t\t\t<\/div>","protected":false},"excerpt":{"rendered":"<p>What are your minimum hours of care I can schedule during the week? We start with 4 hours a day&#8230;<\/p>","protected":false},"author":1,"featured_media":0,"parent":0,"menu_order":0,"comment_status":"closed","ping_status":"closed","template":"","meta":{"footnotes":""},"class_list":["post-214","page","type-page","status-publish","hentry"],"_links":{"self":[{"href":"https:\/\/seniorcareservicesmiami.com\/es\/wp-json\/wp\/v2\/pages\/214","targetHints":{"allow":["GET"]}}],"collection":[{"href":"https:\/\/seniorcareservicesmiami.com\/es\/wp-json\/wp\/v2\/pages"}],"about":[{"href":"https:\/\/seniorcareservicesmiami.com\/es\/wp-json\/wp\/v2\/types\/page"}],"author":[{"embeddable":true,"href":"https:\/\/seniorcareservicesmiami.com\/es\/wp-json\/wp\/v2\/users\/1"}],"replies":[{"embeddable":true,"href":"https:\/\/seniorcareservicesmiami.com\/es\/wp-json\/wp\/v2\/comments?post=214"}],"version-history":[{"count":25,"href":"https:\/\/seniorcareservicesmiami.com\/es\/wp-json\/wp\/v2\/pages\/214\/revisions"}],"predecessor-version":[{"id":60872,"href":"https:\/\/seniorcareservicesmiami.com\/es\/wp-json\/wp\/v2\/pages\/214\/revisions\/60872"}],"wp:attachment":[{"href":"https:\/\/seniorcareservicesmiami.com\/es\/wp-json\/wp\/v2\/media?parent=214"}],"curies":[{"name":"wp","href":"https:\/\/api.w.org\/{rel}","templated":true}]}}